{"id":910,"date":"2019-06-05T21:10:17","date_gmt":"2019-06-05T19:10:17","guid":{"rendered":"https:\/\/www.acmarenault.fr\/?page_id=910"},"modified":"2022-03-06T16:51:06","modified_gmt":"2022-03-06T15:51:06","slug":"les-petites-promotionnelles","status":"publish","type":"page","link":"https:\/\/www.acmarenault.fr\/index.php\/les-petites-promotionnelles\/","title":{"rendered":"Les Petites Promotionnelles"},"content":{"rendered":"<div class=\"members-access-error\">D\u00e9sol\u00e9, ce contenu est r\u00e9serv\u00e9 aux membres ACMA.<\/p>\n<p>Connectez-vous :<\/p>\n<p>\t\t<script>\r\n\t\t\tfunction closeMessage(){jQuery('.error_wid_login').hide();}\r\n\t\t\tjQuery(document).ready(function () {\r\n\t\t\t\tjQuery('#login').validate({ errorClass: \"lw-error\" });\r\n\t\t\t});\r\n\t\t<\/script>\r\n\t\r\n<div class=\"login-wrap\">\r\n\r\n\t<div id=\"login-form\" class=\"login-form \">\r\n\r\n\t\t\r\n\t\t\r\n\t\t<form name=\"login\" id=\"login\" method=\"post\" action=\"\" autocomplete=\"off\" >\r\n\r\n\t\t\r\n\t\t<input type=\"hidden\" name=\"option\" value=\"ap_user_login\" \/>\r\n\t\t<input type=\"hidden\" name=\"redirect\" value=\"https:\/\/www.acmarenault.fr:443\/index.php\/wp-json\/wp\/v2\/pages\/910\" \/>\r\n\t\t<div class=\"log-form-group\">\r\n\t\t\t<label for=\"userusername\">Nom d'utilisateur <\/label>\r\n\t\t\t<input type=\"text\" name=\"userusername\" id=\"userusername\" title=\"Please enter username\"  required\/>\r\n\t\t<\/div>\r\n\t\t<div class=\"log-form-group\">\r\n\t\t\t<label for=\"userpassword\">Mot de passe <\/label>\r\n\t\t\t<input type=\"password\" name=\"userpassword\" id=\"userpassword\" title=\"Please enter password\"  required\/>\r\n\t\t<\/div>\r\n\r\n\t\t\r\n\t\t\r\n\t\t\r\n\t\t<div class=\"login-submit\"><input name=\"login\" type=\"submit\" value=\"Connexion\" \/><\/div>\r\n\r\n\t\t<div class=\"log-form-group extra-links\">\r\n\t\t\t\t\t<\/div>\r\n\r\n\t\t<\/form>\r\n\r\n\t\t\r\n\t\t<\/div>\r\n\r\n<\/div>\r\n\r\n<\/p><\/div>\n","protected":false},"excerpt":{"rendered":"<div class=\"members-access-error\">D\u00e9sol\u00e9, ce contenu est r\u00e9serv\u00e9 aux membres ACMA.<\/p>\n<p>Connectez-vous :<\/p>\n<p>\t\t<script>\r\n\t\t\tfunction closeMessage(){jQuery('.error_wid_login').hide();}\r\n\t\t\tjQuery(document).ready(function () {\r\n\t\t\t\tjQuery('#login').validate({ errorClass: \"lw-error\" });\r\n\t\t\t});\r\n\t\t<\/script>\r\n\t\r\n<div class=\"login-wrap\">\r\n\r\n\t<div id=\"login-form\" class=\"login-form \">\r\n\r\n\t\t\r\n\t\t\r\n\t\t<form name=\"login\" id=\"login\" method=\"post\" action=\"\" autocomplete=\"off\" >\r\n\r\n\t\t\r\n\t\t<input type=\"hidden\" name=\"option\" value=\"ap_user_login\" \/>\r\n\t\t<input type=\"hidden\" name=\"redirect\" value=\"https:\/\/www.acmarenault.fr:443\/index.php\/wp-json\/wp\/v2\/pages\/910\" \/>\r\n\t\t<div class=\"log-form-group\">\r\n\t\t\t<label for=\"userusername\">Nom d'utilisateur <\/label>\r\n\t\t\t<input type=\"text\" name=\"userusername\" id=\"userusername\" title=\"Please enter username\"  required\/>\r\n\t\t<\/div>\r\n\t\t<div class=\"log-form-group\">\r\n\t\t\t<label for=\"userpassword\">Mot de passe <\/label>\r\n\t\t\t<input type=\"password\" name=\"userpassword\" id=\"userpassword\" title=\"Please enter password\"  required\/>\r\n\t\t<\/div>\r\n\r\n\t\t\r\n\t\t\r\n\t\t\r\n\t\t<div class=\"login-submit\"><input name=\"login\" type=\"submit\" value=\"Connexion\" \/><\/div>\r\n\r\n\t\t<div class=\"log-form-group extra-links\">\r\n\t\t\t\t\t<\/div>\r\n\r\n\t\t<\/form>\r\n\r\n\t\t\r\n\t\t<\/div>\r\n\r\n<\/div>\r\n\r\n<\/p><\/div>\n","protected":false},"author":3,"featured_media":0,"parent":0,"menu_order":0,"comment_status":"closed","ping_status":"closed","template":"","meta":{"footnotes":""},"class_list":["post-910","page","type-page","status-publish","hentry"],"_links":{"self":[{"href":"https:\/\/www.acmarenault.fr\/index.php\/wp-json\/wp\/v2\/pages\/910","targetHints":{"allow":["GET"]}}],"collection":[{"href":"https:\/\/www.acmarenault.fr\/index.php\/wp-json\/wp\/v2\/pages"}],"about":[{"href":"https:\/\/www.acmarenault.fr\/index.php\/wp-json\/wp\/v2\/types\/page"}],"author":[{"embeddable":true,"href":"https:\/\/www.acmarenault.fr\/index.php\/wp-json\/wp\/v2\/users\/3"}],"replies":[{"embeddable":true,"href":"https:\/\/www.acmarenault.fr\/index.php\/wp-json\/wp\/v2\/comments?post=910"}],"version-history":[{"count":19,"href":"https:\/\/www.acmarenault.fr\/index.php\/wp-json\/wp\/v2\/pages\/910\/revisions"}],"predecessor-version":[{"id":2092,"href":"https:\/\/www.acmarenault.fr\/index.php\/wp-json\/wp\/v2\/pages\/910\/revisions\/2092"}],"wp:attachment":[{"href":"https:\/\/www.acmarenault.fr\/index.php\/wp-json\/wp\/v2\/media?parent=910"}],"curies":[{"name":"wp","href":"https:\/\/api.w.org\/{rel}","templated":true}]}}