{"id":39,"date":"2019-04-27T21:14:32","date_gmt":"2019-04-27T19:14:32","guid":{"rendered":"http:\/\/acmarenault.fr\/?page_id=39"},"modified":"2025-10-06T15:57:47","modified_gmt":"2025-10-06T13:57:47","slug":"le-club","status":"publish","type":"page","link":"https:\/\/www.acmarenault.fr\/index.php\/le-club\/","title":{"rendered":"Le Club"},"content":{"rendered":"\n<p>L\u2019Association des Collectionneurs de Miniatures Automobiles Renault (ACMA Renault), cr\u00e9e en 1998, est r\u00e9gie par la loi de 1901.&nbsp;<br>Elle a pour but le regroupement des collectionneurs de miniatures automobiles Renault de toutes \u00e9chelles, tous th\u00e8mes et mati\u00e8res confondues. Cette association anim\u00e9e par un groupe de passionn\u00e9s, compte en moyenne une centaine d&rsquo; adh\u00e9rents r\u00e9partis dans diff\u00e9rents pays. Le th\u00e8me principale est \u00e9videmment les v\u00e9hicules de marque Renault.&nbsp;Les adh\u00e9rents b\u00e9n\u00e9ficient de prix tr\u00e8s attractifs sur les miniatures disponibles en Renault Boutique. Nous r\u00e9alisons \u00e9galement des mod\u00e8les (m\u00e9tal et r\u00e9sine) uniques en s\u00e9ries tr\u00e8s limit\u00e9es. Cette seconde activit\u00e9 permet de compl\u00e9ter progressivement la gamme des miniatures Renault existante. On peut citer les r\u00e9alisations suivantes : Viva Grand Sport, Nervastella, Break colonial 6 roues, Bus 6 roues transsaharien, Nervasport du Monte-Carlo, Taxi G7, Dauphine Ambulance, Renault 11 Turbo Zender, Primaquatre d\u00e9panneuse&#8230;&nbsp;&nbsp;&nbsp;&nbsp;                                                                                                                           <\/p>\n\n\n\n<p>Comme toute association soucieuse d&rsquo; une r\u00e9elle communication entre ses adh\u00e9rents, Acma Renault publie&nbsp;un bulletin trimestriel&nbsp;\u00ab\u00a0La Petite Route\u00a0\u00bb, qui aborde un th\u00e8me diff\u00e9rent \u00e0 chaque num\u00e9ro.&nbsp;Et aussi une lettre d&rsquo; information mensuelle \u00ab\u00a0La Newsletter\u00a0\u00bb sur toutes les news du mod\u00e9lisme du mois.<\/p>\n\n\n\n<p>Les adh\u00e9rents peuvent \u00e9galement nous \u00e9crire sur notre boite mail :<\/p>\n\n\n\n<p class=\"has-text-align-center\"><strong>acma.renault@laposte.net<\/strong><\/p>\n\n\n\n<p>La cotisation annuelle est de 30 euros.<\/p>\n\n\n\n<p>Aucun achat est obligatoire durant l&rsquo; ann\u00e9e.<\/p>\n\n\n\n<div class=\"wp-block-file aligncenter\">T\u00e9l\u00e9chargez le Bulletin d&rsquo;adh\u00e9sion 2026 : <a href=\"https:\/\/www.acmarenault.fr\/wp-content\/uploads\/2025\/10\/bulletin-2026.pdf\" class=\"wp-block-file__button\" download=\"\">T\u00e9l\u00e9charger<\/a><\/div>\n\n\n\n<p>ACMA RENAULT<br>5 All\u00e9e des Muriers<br>91370 Verri\u00e8res le Buisson<\/p>\n\n\n\n<p>Composition du Bureau 2025 :<br>Pr\u00e9sident : LACOMBA Mathias<br>Tr\u00e9sorier : BOILLOT Eric<br>Secr\u00e9taire : COUSSEAU Philippe<br>D\u00e9l\u00e9gu\u00e9 r\u00e9gional Ile de France : GUILLOTEAU Bernard<br>D\u00e9l\u00e9gu\u00e9 r\u00e9gional Occitanie : CAMILLERAPP J\u00e9r\u00f4me<br>Webmaster : PROUZET Wilfried<\/p>\n\n\n\n<div class=\"wp-block-group\"><div class=\"wp-block-group__inner-container is-layout-flow wp-block-group-is-layout-flow\">\n<p class=\"has-text-align-center\">&#8211; &#8211; &#8211; &#8211; &#8211; &#8211; &#8211; &#8211; &#8211;<\/p>\n\n\n\n<p class=\"has-text-align-center\">-:| Publicit\u00e9 |:-<\/p>\n<\/div><\/div>\n\n\n <script async src=\"https:\/\/pagead2.googlesyndication.com\/pagead\/js\/adsbygoogle.js\"><\/script>\r\n<!-- ACMA -->\r\n<ins class=\"adsbygoogle\"\r\n     style=\"display:block\"\r\n     data-ad-client=\"ca-pub-4166135451825629\"\r\n     data-ad-slot=\"2635530412\"\r\n     data-ad-format=\"auto\"\r\n     data-full-width-responsive=\"true\"><\/ins>\r\n<script>\r\n     (adsbygoogle = window.adsbygoogle || []).push({});\r\n<\/script>\n","protected":false},"excerpt":{"rendered":"<p>L\u2019Association des Collectionneurs de Miniatures Automobiles Renault (ACMA Renault), cr\u00e9e en 1998, est r\u00e9gie par la loi de 1901.&nbsp;Elle a pour but le regroupement des collectionneurs de miniatures automobiles Renault de toutes \u00e9chelles, tous th\u00e8mes et mati\u00e8res confondues. Cette association anim\u00e9e par un groupe de passionn\u00e9s, compte en moyenne une centaine d&rsquo; adh\u00e9rents r\u00e9partis dans &hellip; <a href=\"https:\/\/www.acmarenault.fr\/index.php\/le-club\/\" class=\"more-link\">Continuer la lecture de <span class=\"screen-reader-text\">Le Club<\/span> <span class=\"meta-nav\">&rarr;<\/span><\/a><\/p>\n","protected":false},"author":1,"featured_media":368,"parent":0,"menu_order":0,"comment_status":"closed","ping_status":"closed","template":"","meta":{"footnotes":""},"class_list":["post-39","page","type-page","status-publish","has-post-thumbnail","hentry"],"_links":{"self":[{"href":"https:\/\/www.acmarenault.fr\/index.php\/wp-json\/wp\/v2\/pages\/39","targetHints":{"allow":["GET"]}}],"collection":[{"href":"https:\/\/www.acmarenault.fr\/index.php\/wp-json\/wp\/v2\/pages"}],"about":[{"href":"https:\/\/www.acmarenault.fr\/index.php\/wp-json\/wp\/v2\/types\/page"}],"author":[{"embeddable":true,"href":"https:\/\/www.acmarenault.fr\/index.php\/wp-json\/wp\/v2\/users\/1"}],"replies":[{"embeddable":true,"href":"https:\/\/www.acmarenault.fr\/index.php\/wp-json\/wp\/v2\/comments?post=39"}],"version-history":[{"count":47,"href":"https:\/\/www.acmarenault.fr\/index.php\/wp-json\/wp\/v2\/pages\/39\/revisions"}],"predecessor-version":[{"id":5119,"href":"https:\/\/www.acmarenault.fr\/index.php\/wp-json\/wp\/v2\/pages\/39\/revisions\/5119"}],"wp:featuredmedia":[{"embeddable":true,"href":"https:\/\/www.acmarenault.fr\/index.php\/wp-json\/wp\/v2\/media\/368"}],"wp:attachment":[{"href":"https:\/\/www.acmarenault.fr\/index.php\/wp-json\/wp\/v2\/media?parent=39"}],"curies":[{"name":"wp","href":"https:\/\/api.w.org\/{rel}","templated":true}]}}